{"id":64135,"date":"2024-02-12T14:35:23","date_gmt":"2024-02-12T14:35:23","guid":{"rendered":"https:\/\/wildwoodrustics.com\/product\/comoda-de-7-cajones-2\/"},"modified":"2024-02-12T14:35:23","modified_gmt":"2024-02-12T19:35:23","slug":"comoda-de-7-cajones-2","status":"publish","type":"product","link":"https:\/\/wildwoodrustics.com\/es\/product\/comoda-de-7-cajones-2\/","title":{"rendered":"C\u00f3moda de 7 cajones"},"content":{"rendered":"","protected":false},"excerpt":{"rendered":"<p>Transforma tu espacio con la c\u00f3moda de 7 cajones, elaborada art\u00edsticamente con <strong>cedro blanco<\/strong> de primera calidad procedente de <strong>Michigan y Maine<\/strong>. Ofreciendo un amplio espacio de almacenamiento, su veta \u00fanica irradia calidez, creando un refugio acogedor que invita a la tranquilidad y el encanto a tu hogar. <\/p>\n<ul>\n<li>Siete amplios cajones ofrecen mucho espacio para ropa y accesorios, manteniendo tu dormitorio organizado.<\/li>\n<li>Construida con cedro blanco, esta c\u00f3moda destaca la veta natural \u00fanica de la madera, a\u00f1adiendo calidez a cualquier espacio.<\/li>\n<li>Con un dise\u00f1o cl\u00e1sico que enfatiza la calidad artesanal, esta c\u00f3moda es un complemento perfecto para la decoraci\u00f3n de tu dormitorio r\u00fastico.<\/li>\n<\/ul>\n","protected":false},"featured_media":82105,"comment_status":"open","ping_status":"closed","template":"","meta":{"_acf_changed":false,"_kad_blocks_custom_css":"","_kad_blocks_head_custom_js":"","_kad_blocks_body_custom_js":"","_kad_blocks_footer_custom_js":""},"collection":[35],"product_brand":[],"product_cat":[236,233],"product_tag":[],"class_list":{"0":"post-64135","1":"product","2":"type-product","3":"status-publish","4":"has-post-thumbnail","6":"collection-adirondack-collection","7":"product_cat-comodas","8":"product_cat-muebles-de-dormitorio","10":"first","11":"instock","12":"taxable","13":"shipping-taxable","14":"purchasable","15":"product-type-simple"},"acf":[],"taxonomy_info":{"collection":[{"value":35,"label":"Adirondack Collection"}],"product_cat":[{"value":236,"label":"C\u00f3modas"},{"value":233,"label":"Muebles de dormitorio"}]},"featured_image_src_large":["https:\/\/wildwoodrustics.com\/wp-content\/uploads\/7-drawer-dresser-1400x788.png",1390,782,true],"author_info":[],"comment_info":0,"_links":{"self":[{"href":"https:\/\/wildwoodrustics.com\/es\/wp-json\/wp\/v2\/product\/64135","targetHints":{"allow":["GET"]}}],"collection":[{"href":"https:\/\/wildwoodrustics.com\/es\/wp-json\/wp\/v2\/product"}],"about":[{"href":"https:\/\/wildwoodrustics.com\/es\/wp-json\/wp\/v2\/types\/product"}],"replies":[{"embeddable":true,"href":"https:\/\/wildwoodrustics.com\/es\/wp-json\/wp\/v2\/comments?post=64135"}],"wp:featuredmedia":[{"embeddable":true,"href":"https:\/\/wildwoodrustics.com\/es\/wp-json\/wp\/v2\/media\/82105"}],"wp:attachment":[{"href":"https:\/\/wildwoodrustics.com\/es\/wp-json\/wp\/v2\/media?parent=64135"}],"wp:term":[{"taxonomy":"collection","embeddable":true,"href":"https:\/\/wildwoodrustics.com\/es\/wp-json\/wp\/v2\/collection?post=64135"},{"taxonomy":"product_brand","embeddable":true,"href":"https:\/\/wildwoodrustics.com\/es\/wp-json\/wp\/v2\/product_brand?post=64135"},{"taxonomy":"product_cat","embeddable":true,"href":"https:\/\/wildwoodrustics.com\/es\/wp-json\/wp\/v2\/product_cat?post=64135"},{"taxonomy":"product_tag","embeddable":true,"href":"https:\/\/wildwoodrustics.com\/es\/wp-json\/wp\/v2\/product_tag?post=64135"}],"curies":[{"name":"wp","href":"https:\/\/api.w.org\/{rel}","templated":true}]}}