{"id":63275,"date":"2024-02-12T14:24:34","date_gmt":"2024-02-12T14:24:34","guid":{"rendered":"https:\/\/wildwoodrustics.com\/product\/comoda-timber-de-7-cajones\/"},"modified":"2024-02-12T14:24:34","modified_gmt":"2024-02-12T19:24:34","slug":"comoda-timber-de-7-cajones","status":"publish","type":"product","link":"https:\/\/wildwoodrustics.com\/es\/product\/comoda-timber-de-7-cajones\/","title":{"rendered":"C\u00f3moda Timber de 7 cajones"},"content":{"rendered":"<p>La c\u00f3moda Timber de siete cajones cuenta con siete cajones con gu\u00edas correderas de rodamiento de bolas. En la parte superior hay tres cajones peque\u00f1os y debajo cuatro cajones m\u00e1s grandes, creando un espacio de almacenamiento tanto para tus objetos grandes como peque\u00f1os. <\/p>\n<p>La c\u00f3moda est\u00e1 construida con madera de pino aserrada en bruto que se lija ligeramente para eliminar cualquier aspereza o astilla, manteniendo el aspecto r\u00fastico de la madera del aserradero. Despu\u00e9s de construir y te\u00f1ir la pieza con el color que elijas, se aplican varias capas de barniz transparente para protegerla y facilitar su limpieza. <\/p>\n<p>Cuando se realiza un pedido, recibir\u00e1s una confirmaci\u00f3n del pedido con una fecha de env\u00edo estimada. Una vez que el pedido se haya enviado, de nuevo, recibir\u00e1s un correo electr\u00f3nico indicando que el pedido se ha enviado junto con un n\u00famero de seguimiento. El env\u00edo suele tardar entre varios d\u00edas y una semana.  <\/p>\n<p>Este art\u00edculo suele enviarse a trav\u00e9s de XPO en un pat\u00edn. A menos que se solicite lo contrario, la entrega se realizar\u00e1 a pie de calle con cita previa. <\/p>\n<p>Dimensiones de la c\u00f3moda de 7 cajones: 63L x 22W x 33\u00bdH<\/p>\n<p>8 opciones de tinte<\/p>\n<p>&nbsp;<\/p>\n","protected":false},"excerpt":{"rendered":"<p>Mejora tu espacio con la c\u00f3moda Timber de 7 cajones, una hermosa fusi\u00f3n de practicidad y elegancia r\u00fastica. Con un amplio espacio de almacenamiento y el encanto natural de la madera <strong>Timber Peg<\/strong> procedente de <strong>Pensilvania<\/strong>, esta pieza aporta una calidez reconfortante y una conexi\u00f3n con la naturaleza a tu hogar. <\/p>\n<ul>\n<li>Siete amplios cajones proporcionan un generoso espacio de almacenamiento para ropa y accesorios.<\/li>\n<li>Hecho a mano con Timber Peg, lo que garantiza su durabilidad y una veta natural \u00fanica.<\/li>\n<li>El dise\u00f1o r\u00fastico complementa varios estilos de dormitorio, a\u00f1adiendo calidez y car\u00e1cter.<\/li>\n<\/ul>\n","protected":false},"featured_media":1851,"comment_status":"open","ping_status":"closed","template":"","meta":{"_acf_changed":false,"_kad_blocks_custom_css":"","_kad_blocks_head_custom_js":"","_kad_blocks_body_custom_js":"","_kad_blocks_footer_custom_js":""},"collection":[34],"product_brand":[],"product_cat":[236,233],"product_tag":[],"class_list":{"0":"post-63275","1":"product","2":"type-product","3":"status-publish","4":"has-post-thumbnail","6":"collection-timber-peg-collection","7":"product_cat-comodas","8":"product_cat-muebles-de-dormitorio","9":"pa_indoor-stain-options-blanco-trueno","10":"pa_indoor-stain-options-driftwood","11":"pa_indoor-stain-options-dusk","12":"pa_indoor-stain-options-frost","13":"pa_indoor-stain-options-humo-de-bosque","14":"pa_indoor-stain-options-michaels-cherry","15":"pa_indoor-stain-options-smokey-grey","16":"pa_indoor-stain-options-weathered-slate","18":"first","19":"instock","20":"taxable","21":"shipping-taxable","22":"purchasable","23":"product-type-variable"},"acf":[],"taxonomy_info":{"collection":[{"value":34,"label":"Timber Peg Collection"}],"product_cat":[{"value":236,"label":"C\u00f3modas"},{"value":233,"label":"Muebles de dormitorio"}],"pa_indoor-stain-options":[{"value":246,"label":"Blanco trueno"},{"value":222,"label":"Driftwood"},{"value":223,"label":"Dusk"},{"value":224,"label":"Frost"},{"value":247,"label":"Humo de bosque"},{"value":225,"label":"Michael's Cherry"},{"value":220,"label":"Smokey Grey"},{"value":226,"label":"Weathered slate"}]},"featured_image_src_large":["https:\/\/wildwoodrustics.com\/wp-content\/uploads\/749-02-039TP-0-1400x1279.png",1390,1270,true],"author_info":[],"comment_info":0,"_links":{"self":[{"href":"https:\/\/wildwoodrustics.com\/es\/wp-json\/wp\/v2\/product\/63275","targetHints":{"allow":["GET"]}}],"collection":[{"href":"https:\/\/wildwoodrustics.com\/es\/wp-json\/wp\/v2\/product"}],"about":[{"href":"https:\/\/wildwoodrustics.com\/es\/wp-json\/wp\/v2\/types\/product"}],"replies":[{"embeddable":true,"href":"https:\/\/wildwoodrustics.com\/es\/wp-json\/wp\/v2\/comments?post=63275"}],"wp:featuredmedia":[{"embeddable":true,"href":"https:\/\/wildwoodrustics.com\/es\/wp-json\/wp\/v2\/media\/1851"}],"wp:attachment":[{"href":"https:\/\/wildwoodrustics.com\/es\/wp-json\/wp\/v2\/media?parent=63275"}],"wp:term":[{"taxonomy":"collection","embeddable":true,"href":"https:\/\/wildwoodrustics.com\/es\/wp-json\/wp\/v2\/collection?post=63275"},{"taxonomy":"product_brand","embeddable":true,"href":"https:\/\/wildwoodrustics.com\/es\/wp-json\/wp\/v2\/product_brand?post=63275"},{"taxonomy":"product_cat","embeddable":true,"href":"https:\/\/wildwoodrustics.com\/es\/wp-json\/wp\/v2\/product_cat?post=63275"},{"taxonomy":"product_tag","embeddable":true,"href":"https:\/\/wildwoodrustics.com\/es\/wp-json\/wp\/v2\/product_tag?post=63275"}],"curies":[{"name":"wp","href":"https:\/\/api.w.org\/{rel}","templated":true}]}}