{"id":62103,"date":"2024-02-12T14:32:38","date_gmt":"2024-02-12T14:32:38","guid":{"rendered":"https:\/\/wildwoodrustics.com\/product\/mueble-rustico-para-tv\/"},"modified":"2024-02-12T14:32:38","modified_gmt":"2024-02-12T19:32:38","slug":"mueble-rustico-para-tv","status":"publish","type":"product","link":"https:\/\/wildwoodrustics.com\/es\/product\/mueble-rustico-para-tv\/","title":{"rendered":"Mueble r\u00fastico para TV"},"content":{"rendered":"","protected":false},"excerpt":{"rendered":"<p>Soporta tu equipo con el mueble r\u00fastico para TV, elegantemente elaborado con cedro blanco duradero. Esta pieza realza tu sal\u00f3n con su acabado c\u00e1lido y natural, a la vez que ofrece pr\u00e1cticas soluciones de almacenamiento multimedia para todos tus dispositivos y decoraci\u00f3n. <\/p>\n<ul>\n<li>Su robusto dise\u00f1o proporciona un amplio espacio para televisores de pantalla plana y consolas de videojuegos.<\/li>\n<li>La veta natural de la madera muestra la belleza \u00fanica del cedro blanco, a\u00f1adiendo car\u00e1cter a tu hogar.<\/li>\n<li>Pr\u00e1cticos estantes y compartimentos para accesorios multimedia y elementos decorativos organizados.<\/li>\n<\/ul>\n","protected":false},"featured_media":1904,"comment_status":"open","ping_status":"closed","template":"","meta":{"_acf_changed":false,"_kad_blocks_custom_css":"","_kad_blocks_head_custom_js":"","_kad_blocks_body_custom_js":"","_kad_blocks_footer_custom_js":""},"collection":[34],"product_brand":[],"product_cat":[241,239],"product_tag":[],"class_list":{"0":"post-62103","1":"product","2":"type-product","3":"status-publish","4":"has-post-thumbnail","6":"collection-timber-peg-collection","7":"product_cat-mueble-para-tv","8":"product_cat-muebles-para-el-salon","9":"pa_indoor-stain-options-blanco-trueno","10":"pa_indoor-stain-options-driftwood","11":"pa_indoor-stain-options-dusk","12":"pa_indoor-stain-options-frost","13":"pa_indoor-stain-options-humo-de-bosque","14":"pa_indoor-stain-options-michaels-cherry","15":"pa_indoor-stain-options-sin-tinte","16":"pa_indoor-stain-options-smokey-grey","17":"pa_indoor-stain-options-weathered-slate","19":"first","20":"instock","21":"taxable","22":"shipping-taxable","23":"purchasable","24":"product-type-variable"},"acf":[],"taxonomy_info":{"collection":[{"value":34,"label":"Timber Peg Collection"}],"product_cat":[{"value":241,"label":"Mueble para TV"},{"value":239,"label":"Muebles para el sal\u00f3n"}],"pa_indoor-stain-options":[{"value":246,"label":"Blanco trueno"},{"value":222,"label":"Driftwood"},{"value":223,"label":"Dusk"},{"value":224,"label":"Frost"},{"value":247,"label":"Humo de bosque"},{"value":225,"label":"Michael's Cherry"},{"value":221,"label":"Sin tinte"},{"value":220,"label":"Smokey Grey"},{"value":226,"label":"Weathered slate"}]},"featured_image_src_large":["https:\/\/wildwoodrustics.com\/wp-content\/uploads\/773-03-015TP-0-1400x1199.png",1390,1190,true],"author_info":[],"comment_info":0,"_links":{"self":[{"href":"https:\/\/wildwoodrustics.com\/es\/wp-json\/wp\/v2\/product\/62103","targetHints":{"allow":["GET"]}}],"collection":[{"href":"https:\/\/wildwoodrustics.com\/es\/wp-json\/wp\/v2\/product"}],"about":[{"href":"https:\/\/wildwoodrustics.com\/es\/wp-json\/wp\/v2\/types\/product"}],"replies":[{"embeddable":true,"href":"https:\/\/wildwoodrustics.com\/es\/wp-json\/wp\/v2\/comments?post=62103"}],"wp:featuredmedia":[{"embeddable":true,"href":"https:\/\/wildwoodrustics.com\/es\/wp-json\/wp\/v2\/media\/1904"}],"wp:attachment":[{"href":"https:\/\/wildwoodrustics.com\/es\/wp-json\/wp\/v2\/media?parent=62103"}],"wp:term":[{"taxonomy":"collection","embeddable":true,"href":"https:\/\/wildwoodrustics.com\/es\/wp-json\/wp\/v2\/collection?post=62103"},{"taxonomy":"product_brand","embeddable":true,"href":"https:\/\/wildwoodrustics.com\/es\/wp-json\/wp\/v2\/product_brand?post=62103"},{"taxonomy":"product_cat","embeddable":true,"href":"https:\/\/wildwoodrustics.com\/es\/wp-json\/wp\/v2\/product_cat?post=62103"},{"taxonomy":"product_tag","embeddable":true,"href":"https:\/\/wildwoodrustics.com\/es\/wp-json\/wp\/v2\/product_tag?post=62103"}],"curies":[{"name":"wp","href":"https:\/\/api.w.org\/{rel}","templated":true}]}}