{"id":59511,"date":"2024-02-12T15:20:46","date_gmt":"2024-02-12T15:20:46","guid":{"rendered":"https:\/\/wildwoodrustics.com\/product\/estructura-de-cama-rustica-de-cedro-blanco-con-doble-larguero-lateral\/"},"modified":"2026-04-04T11:57:47","modified_gmt":"2026-04-04T15:57:47","slug":"estructura-de-cama-rustica-de-cedro-blanco-con-doble-larguero-lateral","status":"publish","type":"product","link":"https:\/\/wildwoodrustics.com\/es\/product\/estructura-de-cama-rustica-de-cedro-blanco-con-doble-larguero-lateral\/","title":{"rendered":"Estructura de cama r\u00fastica de cedro blanco con doble larguero lateral"},"content":{"rendered":"<p><b>Caracter\u00edsticas:<\/b><\/p>\n<ul>\n<li style=\"font-weight: 400;\"><span style=\"font-weight: 400;\">Materiales seleccionados a mano para mayor durabilidad y car\u00e1cter<\/span><\/li>\n<li style=\"font-weight: 400;\"><span style=\"font-weight: 400;\">Elaborado a mano por expertos artesanos individuales<\/span><\/li>\n<li style=\"font-weight: 400;\"><span style=\"font-weight: 400;\">Hecho en los Estados Unidos de Am\u00e9rica<\/span><\/li>\n<li style=\"font-weight: 400;\"><span style=\"font-weight: 400;\">Estructura de cama r\u00fastica de madera<\/span><\/li>\n<li>Doble larguero lateral<\/li>\n<li>Cabecero de 132 cm<\/li>\n<li>Cabecero de 76 cm<\/li>\n<li style=\"font-weight: 400;\"><span style=\"font-weight: 400;\">Cedro blanco aut\u00e9ntico<\/span><\/li>\n<li style=\"font-weight: 400;\"><span style=\"font-weight: 400;\">Disponible en individual, matrimonial, Queen y King <\/span><\/li>\n<\/ul>\n","protected":false},"excerpt":{"rendered":"<p>Construida para ofrecer durabilidad y encanto r\u00fastico duraderos, la estructura de cama r\u00fastica de cedro blanco con doble larguero lateral de Wildwood Rustics es una pieza bellamente elaborada a mano que destaca la belleza natural de los s\u00f3lidos troncos de cedro blanco. La construcci\u00f3n de doble larguero lateral mejora la estabilidad al tiempo que mantiene la apariencia cl\u00e1sica de la cama de madera. Ya sea que est\u00e9 amueblando una caba\u00f1a, un refugio o una casa de inspiraci\u00f3n r\u00fastica, esta estructura de cama r\u00fastica de madera proporciona un car\u00e1cter atemporal y una artesan\u00eda robusta para un espacio para dormir acogedor y atractivo.  <\/p>\n","protected":false},"featured_media":72008,"comment_status":"open","ping_status":"closed","template":"","meta":{"_acf_changed":false,"_kad_blocks_custom_css":"","_kad_blocks_head_custom_js":"","_kad_blocks_body_custom_js":"","_kad_blocks_footer_custom_js":""},"collection":[26],"product_brand":[],"product_cat":[240,233],"product_tag":[],"class_list":{"0":"post-59511","1":"product","2":"type-product","3":"status-publish","4":"has-post-thumbnail","6":"collection-white-cedar-collection","7":"product_cat-camas","8":"product_cat-muebles-de-dormitorio","9":"pa_bed-size-individual","10":"pa_bed-size-king","11":"pa_bed-size-matrimonial","12":"pa_bed-size-queen","14":"first","15":"instock","16":"taxable","17":"shipping-taxable","18":"purchasable","19":"product-type-variable"},"acf":[],"taxonomy_info":{"collection":[{"value":26,"label":"White Cedar Collection"}],"product_cat":[{"value":240,"label":"Camas"},{"value":233,"label":"Muebles de dormitorio"}],"pa_bed-size":[{"value":264,"label":"Individual"},{"value":267,"label":"King"},{"value":265,"label":"Matrimonial"},{"value":266,"label":"Queen"}]},"featured_image_src_large":["https:\/\/wildwoodrustics.com\/wp-content\/uploads\/02-003WC-Double-Side-Rail-Bed-2-1400x923.png",1390,916,true],"author_info":[],"comment_info":0,"_links":{"self":[{"href":"https:\/\/wildwoodrustics.com\/es\/wp-json\/wp\/v2\/product\/59511","targetHints":{"allow":["GET"]}}],"collection":[{"href":"https:\/\/wildwoodrustics.com\/es\/wp-json\/wp\/v2\/product"}],"about":[{"href":"https:\/\/wildwoodrustics.com\/es\/wp-json\/wp\/v2\/types\/product"}],"replies":[{"embeddable":true,"href":"https:\/\/wildwoodrustics.com\/es\/wp-json\/wp\/v2\/comments?post=59511"}],"wp:featuredmedia":[{"embeddable":true,"href":"https:\/\/wildwoodrustics.com\/es\/wp-json\/wp\/v2\/media\/72008"}],"wp:attachment":[{"href":"https:\/\/wildwoodrustics.com\/es\/wp-json\/wp\/v2\/media?parent=59511"}],"wp:term":[{"taxonomy":"collection","embeddable":true,"href":"https:\/\/wildwoodrustics.com\/es\/wp-json\/wp\/v2\/collection?post=59511"},{"taxonomy":"product_brand","embeddable":true,"href":"https:\/\/wildwoodrustics.com\/es\/wp-json\/wp\/v2\/product_brand?post=59511"},{"taxonomy":"product_cat","embeddable":true,"href":"https:\/\/wildwoodrustics.com\/es\/wp-json\/wp\/v2\/product_cat?post=59511"},{"taxonomy":"product_tag","embeddable":true,"href":"https:\/\/wildwoodrustics.com\/es\/wp-json\/wp\/v2\/product_tag?post=59511"}],"curies":[{"name":"wp","href":"https:\/\/api.w.org\/{rel}","templated":true}]}}