{"id":59439,"date":"2024-02-12T15:23:03","date_gmt":"2024-02-12T15:23:03","guid":{"rendered":"https:\/\/wildwoodrustics.com\/product\/cama-rustica-con-dosel-de-troncos-de-cedro-blanco-con-estanteria\/"},"modified":"2024-02-12T15:23:03","modified_gmt":"2024-02-12T20:23:03","slug":"cama-rustica-con-dosel-de-troncos-de-cedro-blanco-con-estanteria","status":"publish","type":"product","link":"https:\/\/wildwoodrustics.com\/es\/product\/cama-rustica-con-dosel-de-troncos-de-cedro-blanco-con-estanteria\/","title":{"rendered":"Cama r\u00fastica con dosel de troncos de cedro blanco con estanter\u00eda"},"content":{"rendered":"<p><b>Caracter\u00edsticas:<\/b><\/p>\n<ul>\n<li style=\"font-weight: 400;\"><span style=\"font-weight: 400;\">Materiales seleccionados a mano para mayor durabilidad y car\u00e1cter<\/span><\/li>\n<li style=\"font-weight: 400;\"><span style=\"font-weight: 400;\">Elaborado a mano por expertos artesanos individuales<\/span><\/li>\n<li style=\"font-weight: 400;\"><span style=\"font-weight: 400;\">Hecho en los Estados Unidos de Am\u00e9rica<\/span><\/li>\n<li style=\"font-weight: 400;\"><span style=\"font-weight: 400;\">Estructura de cama r\u00fastica con dosel de troncos<\/span><\/li>\n<li>Estanter\u00eda integrada<\/li>\n<li>Cabecero de 80 pulgadas<\/li>\n<li style=\"font-weight: 400;\"><span style=\"font-weight: 400;\">Cedro blanco aut\u00e9ntico<\/span><\/li>\n<li style=\"font-weight: 400;\"><span style=\"font-weight: 400;\">Disponible en individual, matrimonial, Queen y King <\/span><\/li>\n<\/ul>\n","protected":false},"excerpt":{"rendered":"<p>Experimenta la combinaci\u00f3n perfecta de encanto r\u00fastico y dise\u00f1o pr\u00e1ctico con la cama r\u00fastica con estanter\u00eda y dosel de troncos de cedro blanco de Wildwood Rustics. Esta impresionante cama r\u00fastica hecha a mano cuenta con una s\u00f3lida estructura de dosel de troncos para una apariencia audaz y natural, mientras que el cabecero con estanter\u00eda incorporada proporciona un almacenamiento conveniente para libros, decoraci\u00f3n o elementos esenciales para la hora de acostarse. Hecha de resistentes troncos de cedro blanco, esta cama r\u00fastica con dosel de troncos ofrece durabilidad, calidez y un refugio acogedor, perfecto para caba\u00f1as, alojamientos o espacios de inspiraci\u00f3n r\u00fastica.  <\/p>\n","protected":false},"featured_media":2342,"comment_status":"open","ping_status":"closed","template":"","meta":{"_acf_changed":false,"_kad_blocks_custom_css":"","_kad_blocks_head_custom_js":"","_kad_blocks_body_custom_js":"","_kad_blocks_footer_custom_js":""},"collection":[26],"product_brand":[],"product_cat":[240,233],"product_tag":[],"class_list":{"0":"post-59439","1":"product","2":"type-product","3":"status-publish","4":"has-post-thumbnail","6":"collection-white-cedar-collection","7":"product_cat-camas","8":"product_cat-muebles-de-dormitorio","9":"pa_bed-size-individual","10":"pa_bed-size-king","11":"pa_bed-size-matrimonial","12":"pa_bed-size-queen","14":"first","15":"instock","16":"taxable","17":"shipping-taxable","18":"purchasable","19":"product-type-variable"},"acf":[],"taxonomy_info":{"collection":[{"value":26,"label":"White Cedar Collection"}],"product_cat":[{"value":240,"label":"Camas"},{"value":233,"label":"Muebles de dormitorio"}],"pa_bed-size":[{"value":264,"label":"Individual"},{"value":267,"label":"King"},{"value":265,"label":"Matrimonial"},{"value":266,"label":"Queen"}]},"featured_image_src_large":["https:\/\/wildwoodrustics.com\/wp-content\/uploads\/129-02-041WC-0-1240x1400.png",1240,1400,true],"author_info":[],"comment_info":0,"_links":{"self":[{"href":"https:\/\/wildwoodrustics.com\/es\/wp-json\/wp\/v2\/product\/59439","targetHints":{"allow":["GET"]}}],"collection":[{"href":"https:\/\/wildwoodrustics.com\/es\/wp-json\/wp\/v2\/product"}],"about":[{"href":"https:\/\/wildwoodrustics.com\/es\/wp-json\/wp\/v2\/types\/product"}],"replies":[{"embeddable":true,"href":"https:\/\/wildwoodrustics.com\/es\/wp-json\/wp\/v2\/comments?post=59439"}],"wp:featuredmedia":[{"embeddable":true,"href":"https:\/\/wildwoodrustics.com\/es\/wp-json\/wp\/v2\/media\/2342"}],"wp:attachment":[{"href":"https:\/\/wildwoodrustics.com\/es\/wp-json\/wp\/v2\/media?parent=59439"}],"wp:term":[{"taxonomy":"collection","embeddable":true,"href":"https:\/\/wildwoodrustics.com\/es\/wp-json\/wp\/v2\/collection?post=59439"},{"taxonomy":"product_brand","embeddable":true,"href":"https:\/\/wildwoodrustics.com\/es\/wp-json\/wp\/v2\/product_brand?post=59439"},{"taxonomy":"product_cat","embeddable":true,"href":"https:\/\/wildwoodrustics.com\/es\/wp-json\/wp\/v2\/product_cat?post=59439"},{"taxonomy":"product_tag","embeddable":true,"href":"https:\/\/wildwoodrustics.com\/es\/wp-json\/wp\/v2\/product_tag?post=59439"}],"curies":[{"name":"wp","href":"https:\/\/api.w.org\/{rel}","templated":true}]}}