{"id":58765,"date":"2024-02-29T16:35:14","date_gmt":"2024-02-29T21:35:14","guid":{"rendered":"https:\/\/wildwoodrustics.com\/product\/mesa-de-picnic-octogonal-mediana\/"},"modified":"2024-02-29T16:35:14","modified_gmt":"2024-02-29T21:35:14","slug":"mesa-de-picnic-octogonal-mediana","status":"publish","type":"product","link":"https:\/\/wildwoodrustics.com\/es\/product\/mesa-de-picnic-octogonal-mediana\/","title":{"rendered":"Mesa de p\u00edcnic octogonal mediana"},"content":{"rendered":"","protected":false},"excerpt":{"rendered":"<p>Descubre la calidez y el encanto de la mesa de p\u00edcnic octogonal mediana, un complemento perfecto para cualquier reuni\u00f3n al aire libre. Fabricada con madera duradera, esta mesa est\u00e1 dise\u00f1ada para brindar comodidad y funcionalidad. <\/p>\n<ul>\n<li>El espacioso dise\u00f1o octogonal tiene capacidad para hasta ocho personas c\u00f3modamente, lo que lo hace ideal para p\u00edcnics familiares o reuniones.<\/li>\n<li>Construido con madera resistente a la intemperie de alta calidad que garantiza longevidad y durabilidad, incluso en condiciones exteriores adversas.<\/li>\n<li>Bellamente hecho a mano en nuestro taller en el coraz\u00f3n de la zona rural de Pensilvania, cada mesa muestra la belleza natural y la naturaleza perdurable de los bosques que rodean nuestra \u00e1rea.<\/li>\n<\/ul>\n","protected":false},"featured_media":2971,"comment_status":"open","ping_status":"closed","template":"","meta":{"_acf_changed":false,"_kad_blocks_custom_css":"","_kad_blocks_head_custom_js":"","_kad_blocks_body_custom_js":"","_kad_blocks_footer_custom_js":""},"collection":[26],"product_brand":[],"product_cat":[280,279],"product_tag":[],"class_list":{"0":"post-58765","1":"product","2":"type-product","3":"status-publish","4":"has-post-thumbnail","6":"collection-white-cedar-collection","7":"product_cat-mesas","8":"product_cat-mobiliario-de-exterior","10":"first","11":"instock","12":"taxable","13":"shipping-taxable","14":"purchasable","15":"product-type-variable"},"acf":[],"taxonomy_info":{"collection":[{"value":26,"label":"White Cedar Collection"}],"product_cat":[{"value":280,"label":"Mesas"},{"value":279,"label":"Mobiliario de exterior"}]},"featured_image_src_large":["https:\/\/wildwoodrustics.com\/wp-content\/uploads\/05-024-Medium-Octagon-Picnic-Table-Copy.jpg",526,286,false],"author_info":[],"comment_info":0,"_links":{"self":[{"href":"https:\/\/wildwoodrustics.com\/es\/wp-json\/wp\/v2\/product\/58765","targetHints":{"allow":["GET"]}}],"collection":[{"href":"https:\/\/wildwoodrustics.com\/es\/wp-json\/wp\/v2\/product"}],"about":[{"href":"https:\/\/wildwoodrustics.com\/es\/wp-json\/wp\/v2\/types\/product"}],"replies":[{"embeddable":true,"href":"https:\/\/wildwoodrustics.com\/es\/wp-json\/wp\/v2\/comments?post=58765"}],"wp:featuredmedia":[{"embeddable":true,"href":"https:\/\/wildwoodrustics.com\/es\/wp-json\/wp\/v2\/media\/2971"}],"wp:attachment":[{"href":"https:\/\/wildwoodrustics.com\/es\/wp-json\/wp\/v2\/media?parent=58765"}],"wp:term":[{"taxonomy":"collection","embeddable":true,"href":"https:\/\/wildwoodrustics.com\/es\/wp-json\/wp\/v2\/collection?post=58765"},{"taxonomy":"product_brand","embeddable":true,"href":"https:\/\/wildwoodrustics.com\/es\/wp-json\/wp\/v2\/product_brand?post=58765"},{"taxonomy":"product_cat","embeddable":true,"href":"https:\/\/wildwoodrustics.com\/es\/wp-json\/wp\/v2\/product_cat?post=58765"},{"taxonomy":"product_tag","embeddable":true,"href":"https:\/\/wildwoodrustics.com\/es\/wp-json\/wp\/v2\/product_tag?post=58765"}],"curies":[{"name":"wp","href":"https:\/\/api.w.org\/{rel}","templated":true}]}}