{"id":58434,"date":"2025-01-13T10:58:47","date_gmt":"2025-01-13T15:58:47","guid":{"rendered":"https:\/\/wildwoodrustics.com\/product\/estructura-de-cama-rustica-de-madera-con-estanteria\/"},"modified":"2025-01-13T10:58:47","modified_gmt":"2025-01-13T15:58:47","slug":"estructura-de-cama-rustica-de-madera-con-estanteria","status":"publish","type":"product","link":"https:\/\/wildwoodrustics.com\/es\/product\/estructura-de-cama-rustica-de-madera-con-estanteria\/","title":{"rendered":"Estructura de cama r\u00fastica de madera con estanter\u00eda"},"content":{"rendered":"<p><b>Caracter\u00edsticas:<\/b><\/p>\n<ul>\n<li style=\"font-weight: 400;\"><span style=\"font-weight: 400;\">Materiales seleccionados a mano para mayor durabilidad y car\u00e1cter<\/span><\/li>\n<li style=\"font-weight: 400;\"><span style=\"font-weight: 400;\">Elaborado a mano por expertos artesanos individuales<\/span><\/li>\n<li style=\"font-weight: 400;\"><span style=\"font-weight: 400;\">Hecho en los Estados Unidos de Am\u00e9rica<\/span><\/li>\n<li style=\"font-weight: 400;\"><span style=\"font-weight: 400;\">Estructura de cama r\u00fastica de madera<\/span><\/li>\n<li>Estanter\u00eda integrada<\/li>\n<li style=\"font-weight: 400;\"><span style=\"font-weight: 400;\">Barandilla de doble cara<\/span><\/li>\n<li style=\"font-weight: 400;\"><span style=\"font-weight: 400;\">Disponible en individual, matrimonial, Queen y King <\/span><\/li>\n<li style=\"font-weight: 400;\"><span style=\"font-weight: 400;\">Nueve opciones de color de tinte<\/span><\/li>\n<\/ul>\n","protected":false},"excerpt":{"rendered":"<p>Mejora el estilo y el espacio de tu dormitorio con la estructura de cama r\u00fastica de madera con estanter\u00eda de Wildwood Rustics: una combinaci\u00f3n inigualable de funcionalidad y dise\u00f1o r\u00fastico. Hecha a mano con madera maciza y un distintivo acabado envejecido, esta cama cuenta con un cabecero con estanter\u00eda integrada, que proporciona un almacenamiento conveniente para libros, decoraci\u00f3n o elementos esenciales para la noche. El robusto pie de cama con listones y las l\u00edneas r\u00fasticas y limpias acent\u00faan su atractivo atemporal, lo que la convierte en una excelente adici\u00f3n a cualquier dormitorio de estilo r\u00fastico, de caba\u00f1a o de campo.  <\/p>\n","protected":false},"featured_media":22668,"comment_status":"closed","ping_status":"closed","template":"","meta":{"_acf_changed":false,"_kad_blocks_custom_css":"","_kad_blocks_head_custom_js":"","_kad_blocks_body_custom_js":"","_kad_blocks_footer_custom_js":""},"collection":[34],"product_brand":[],"product_cat":[240,233],"product_tag":[],"class_list":{"0":"post-58434","1":"product","2":"type-product","3":"status-publish","4":"has-post-thumbnail","6":"collection-timber-peg-collection","7":"product_cat-camas","8":"product_cat-muebles-de-dormitorio","9":"pa_bed-size-individual","10":"pa_bed-size-king","11":"pa_bed-size-matrimonial","12":"pa_bed-size-queen","13":"pa_indoor-stain-options-americano-antiguo","14":"pa_indoor-stain-options-blanco-trueno","15":"pa_indoor-stain-options-driftwood","16":"pa_indoor-stain-options-dusk","17":"pa_indoor-stain-options-frost","18":"pa_indoor-stain-options-humo-de-bosque","19":"pa_indoor-stain-options-michaels-cherry","20":"pa_indoor-stain-options-smokey-grey","21":"pa_indoor-stain-options-weathered-slate","23":"first","24":"instock","25":"taxable","26":"shipping-taxable","27":"purchasable","28":"product-type-variable"},"acf":[],"taxonomy_info":{"collection":[{"value":34,"label":"Timber Peg Collection"}],"product_cat":[{"value":240,"label":"Camas"},{"value":233,"label":"Muebles de dormitorio"}],"pa_bed-size":[{"value":264,"label":"Individual"},{"value":267,"label":"King"},{"value":265,"label":"Matrimonial"},{"value":266,"label":"Queen"}],"pa_indoor-stain-options":[{"value":248,"label":"Americano antiguo"},{"value":246,"label":"Blanco trueno"},{"value":222,"label":"Driftwood"},{"value":223,"label":"Dusk"},{"value":224,"label":"Frost"},{"value":247,"label":"Humo de bosque"},{"value":225,"label":"Michael's Cherry"},{"value":220,"label":"Smokey Grey"},{"value":226,"label":"Weathered slate"}]},"featured_image_src_large":["https:\/\/wildwoodrustics.com\/wp-content\/uploads\/02-019TP-Bookshelf-Bed-7-1400x1400.jpg",1390,1390,true],"author_info":[],"comment_info":0,"_links":{"self":[{"href":"https:\/\/wildwoodrustics.com\/es\/wp-json\/wp\/v2\/product\/58434","targetHints":{"allow":["GET"]}}],"collection":[{"href":"https:\/\/wildwoodrustics.com\/es\/wp-json\/wp\/v2\/product"}],"about":[{"href":"https:\/\/wildwoodrustics.com\/es\/wp-json\/wp\/v2\/types\/product"}],"replies":[{"embeddable":true,"href":"https:\/\/wildwoodrustics.com\/es\/wp-json\/wp\/v2\/comments?post=58434"}],"wp:featuredmedia":[{"embeddable":true,"href":"https:\/\/wildwoodrustics.com\/es\/wp-json\/wp\/v2\/media\/22668"}],"wp:attachment":[{"href":"https:\/\/wildwoodrustics.com\/es\/wp-json\/wp\/v2\/media?parent=58434"}],"wp:term":[{"taxonomy":"collection","embeddable":true,"href":"https:\/\/wildwoodrustics.com\/es\/wp-json\/wp\/v2\/collection?post=58434"},{"taxonomy":"product_brand","embeddable":true,"href":"https:\/\/wildwoodrustics.com\/es\/wp-json\/wp\/v2\/product_brand?post=58434"},{"taxonomy":"product_cat","embeddable":true,"href":"https:\/\/wildwoodrustics.com\/es\/wp-json\/wp\/v2\/product_cat?post=58434"},{"taxonomy":"product_tag","embeddable":true,"href":"https:\/\/wildwoodrustics.com\/es\/wp-json\/wp\/v2\/product_tag?post=58434"}],"curies":[{"name":"wp","href":"https:\/\/api.w.org\/{rel}","templated":true}]}}