{"id":52417,"date":"2024-02-09T22:31:41","date_gmt":"2024-02-09T22:31:41","guid":{"rendered":"https:\/\/wildwoodrustics.com\/product\/silla-de-comedor\/"},"modified":"2024-02-09T22:31:41","modified_gmt":"2024-02-10T03:31:41","slug":"silla-de-comedor","status":"publish","type":"product","link":"https:\/\/wildwoodrustics.com\/es\/product\/silla-de-comedor\/","title":{"rendered":"Silla de comedor"},"content":{"rendered":"","protected":false},"excerpt":{"rendered":"<p>Aporte un car\u00e1cter natural a su comedor con nuestra silla de comedor, elaborada con esmero. Su estructura de madera maciza realza las ricas texturas de la naturaleza, mientras que el c\u00e1lido acabado invita a la comodidad en cada comida. Dise\u00f1ada para ofrecer durabilidad y estilo, esta silla proporciona una sujeci\u00f3n incre\u00edble al sentarse, lo que la convierte en un complemento perfecto para su hogar de estilo r\u00fastico.  <\/p>\n<h4>Caracter\u00edsticas:<\/h4>\n<ul>\n<li>Elaborada a mano con madera maciza, mostrando variaciones \u00fanicas en las vetas.<\/li>\n<li>Dise\u00f1ada para una comodidad y estabilidad superiores durante las comidas compartidas.<\/li>\n<li>El c\u00e1lido acabado realza su comedor con una acogedora calidez visual.<\/li>\n<\/ul>\n","protected":false},"featured_media":1633,"comment_status":"open","ping_status":"closed","template":"","meta":{"_acf_changed":false,"_kad_blocks_custom_css":"","_kad_blocks_head_custom_js":"","_kad_blocks_body_custom_js":"","_kad_blocks_footer_custom_js":""},"collection":[30],"product_brand":[],"product_cat":[227,194],"product_tag":[],"class_list":{"0":"post-52417","1":"product","2":"type-product","3":"status-publish","4":"has-post-thumbnail","6":"collection-mountain-collection","7":"product_cat-sillas-de-comedor","8":"product_cat-sin-categoria","9":"pa_indoor-stain-options-driftwood","10":"pa_indoor-stain-options-dusk","11":"pa_indoor-stain-options-frost","12":"pa_indoor-stain-options-michaels-cherry","13":"pa_indoor-stain-options-sin-tinte","14":"pa_indoor-stain-options-smokey-grey","15":"pa_indoor-stain-options-weathered-slate","17":"first","18":"instock","19":"taxable","20":"shipping-taxable","21":"purchasable","22":"product-type-variable"},"acf":[],"taxonomy_info":{"collection":[{"value":30,"label":"Mountain Collection"}],"product_cat":[{"value":227,"label":"Sillas de comedor"},{"value":194,"label":"Sin categor\u00eda"}],"pa_indoor-stain-options":[{"value":222,"label":"Driftwood"},{"value":223,"label":"Dusk"},{"value":224,"label":"Frost"},{"value":225,"label":"Michael's Cherry"},{"value":221,"label":"Sin tinte"},{"value":220,"label":"Smokey Grey"},{"value":226,"label":"Weathered slate"}]},"featured_image_src_large":["https:\/\/wildwoodrustics.com\/wp-content\/uploads\/243-MC-002-0-1077x1400.png",1077,1400,true],"author_info":[],"comment_info":0,"_links":{"self":[{"href":"https:\/\/wildwoodrustics.com\/es\/wp-json\/wp\/v2\/product\/52417","targetHints":{"allow":["GET"]}}],"collection":[{"href":"https:\/\/wildwoodrustics.com\/es\/wp-json\/wp\/v2\/product"}],"about":[{"href":"https:\/\/wildwoodrustics.com\/es\/wp-json\/wp\/v2\/types\/product"}],"replies":[{"embeddable":true,"href":"https:\/\/wildwoodrustics.com\/es\/wp-json\/wp\/v2\/comments?post=52417"}],"wp:featuredmedia":[{"embeddable":true,"href":"https:\/\/wildwoodrustics.com\/es\/wp-json\/wp\/v2\/media\/1633"}],"wp:attachment":[{"href":"https:\/\/wildwoodrustics.com\/es\/wp-json\/wp\/v2\/media?parent=52417"}],"wp:term":[{"taxonomy":"collection","embeddable":true,"href":"https:\/\/wildwoodrustics.com\/es\/wp-json\/wp\/v2\/collection?post=52417"},{"taxonomy":"product_brand","embeddable":true,"href":"https:\/\/wildwoodrustics.com\/es\/wp-json\/wp\/v2\/product_brand?post=52417"},{"taxonomy":"product_cat","embeddable":true,"href":"https:\/\/wildwoodrustics.com\/es\/wp-json\/wp\/v2\/product_cat?post=52417"},{"taxonomy":"product_tag","embeddable":true,"href":"https:\/\/wildwoodrustics.com\/es\/wp-json\/wp\/v2\/product_tag?post=52417"}],"curies":[{"name":"wp","href":"https:\/\/api.w.org\/{rel}","templated":true}]}}