{"id":51815,"date":"2024-02-09T22:17:28","date_gmt":"2024-02-09T22:17:28","guid":{"rendered":"https:\/\/wildwoodrustics.com\/product\/comoda-de-6-cajones\/"},"modified":"2024-02-09T22:17:28","modified_gmt":"2024-02-10T03:17:28","slug":"comoda-de-6-cajones","status":"publish","type":"product","link":"https:\/\/wildwoodrustics.com\/es\/product\/comoda-de-6-cajones\/","title":{"rendered":"C\u00f3moda de 6 cajones"},"content":{"rendered":"<p>Todos los cajones est\u00e1n ensamblados con cola de milano y utilizamos gu\u00edas de rodamiento de bolas de extensi\u00f3n completa<\/p>\n","protected":false},"excerpt":{"rendered":"<div class=\"product-description\">\n Mejora tu espacio vital con esta r\u00fastica c\u00f3moda de 6 cajones, meticulosamente elaborada con cedro blanco procedente de los exuberantes bosques de Michigan y Maine. Los c\u00e1lidos tonos y los patrones de vetas \u00fanicos de la madera celebran el arte de la naturaleza, mientras que su robusta construcci\u00f3n garantiza una durabilidad prolongada. Cada caj\u00f3n se desliza sin esfuerzo, proporcionando un amplio espacio de almacenamiento para tu ropa y accesorios, facilitando la organizaci\u00f3n y resultando est\u00e9ticamente agradable. El compromiso de Wildwood con la sostenibilidad les permite obtener esta madera de alta calidad en tan solo 1,5 d\u00edas, trayendo la belleza del exterior a tu hogar.    <\/p>\n<ul>\n<li>Seis cajones de gran tama\u00f1o ofrecen un almacenamiento eficiente y organizado para todas tus pertenencias.<\/li>\n<li>Elaborado con cedro blanco de primera calidad, famoso por su resistencia y rica textura.<\/li>\n<li>El dise\u00f1o r\u00fastico aporta calidez y un toque de naturaleza a tu dormitorio, fomentando un refugio acogedor.<\/li>\n<\/ul>\n<\/div>\n","protected":false},"featured_media":76380,"comment_status":"open","ping_status":"closed","template":"","meta":{"_acf_changed":false,"_kad_blocks_custom_css":"","_kad_blocks_head_custom_js":"","_kad_blocks_body_custom_js":"","_kad_blocks_footer_custom_js":""},"collection":[26],"product_brand":[],"product_cat":[236,233],"product_tag":[],"class_list":{"0":"post-51815","1":"product","2":"type-product","3":"status-publish","4":"has-post-thumbnail","6":"collection-white-cedar-collection","7":"product_cat-comodas","8":"product_cat-muebles-de-dormitorio","10":"first","11":"instock","12":"taxable","13":"shipping-taxable","14":"purchasable","15":"product-type-simple"},"acf":[],"taxonomy_info":{"collection":[{"value":26,"label":"White Cedar Collection"}],"product_cat":[{"value":236,"label":"C\u00f3modas"},{"value":233,"label":"Muebles de dormitorio"}]},"featured_image_src_large":["https:\/\/wildwoodrustics.com\/wp-content\/uploads\/02-007WC-6-Drawer-Dresser-4.png",1080,1080,false],"author_info":[],"comment_info":0,"_links":{"self":[{"href":"https:\/\/wildwoodrustics.com\/es\/wp-json\/wp\/v2\/product\/51815","targetHints":{"allow":["GET"]}}],"collection":[{"href":"https:\/\/wildwoodrustics.com\/es\/wp-json\/wp\/v2\/product"}],"about":[{"href":"https:\/\/wildwoodrustics.com\/es\/wp-json\/wp\/v2\/types\/product"}],"replies":[{"embeddable":true,"href":"https:\/\/wildwoodrustics.com\/es\/wp-json\/wp\/v2\/comments?post=51815"}],"wp:featuredmedia":[{"embeddable":true,"href":"https:\/\/wildwoodrustics.com\/es\/wp-json\/wp\/v2\/media\/76380"}],"wp:attachment":[{"href":"https:\/\/wildwoodrustics.com\/es\/wp-json\/wp\/v2\/media?parent=51815"}],"wp:term":[{"taxonomy":"collection","embeddable":true,"href":"https:\/\/wildwoodrustics.com\/es\/wp-json\/wp\/v2\/collection?post=51815"},{"taxonomy":"product_brand","embeddable":true,"href":"https:\/\/wildwoodrustics.com\/es\/wp-json\/wp\/v2\/product_brand?post=51815"},{"taxonomy":"product_cat","embeddable":true,"href":"https:\/\/wildwoodrustics.com\/es\/wp-json\/wp\/v2\/product_cat?post=51815"},{"taxonomy":"product_tag","embeddable":true,"href":"https:\/\/wildwoodrustics.com\/es\/wp-json\/wp\/v2\/product_tag?post=51815"}],"curies":[{"name":"wp","href":"https:\/\/api.w.org\/{rel}","templated":true}]}}