{"id":49513,"date":"2023-12-27T16:43:28","date_gmt":"2023-12-27T21:43:28","guid":{"rendered":"https:\/\/wildwoodrustics.com\/carrito\/"},"modified":"2025-10-10T10:50:18","modified_gmt":"2025-10-10T14:50:18","slug":"carrito","status":"publish","type":"page","link":"https:\/\/wildwoodrustics.com\/es\/carrito\/","title":{"rendered":"Carrito"},"content":{"rendered":"<style>.kadence-column594_a02e4f-4d > .kt-inside-inner-col,.kadence-column594_a02e4f-4d > .kt-inside-inner-col:before{border-top-left-radius:0px;border-top-right-radius:0px;border-bottom-right-radius:0px;border-bottom-left-radius:0px;}.kadence-column594_a02e4f-4d > .kt-inside-inner-col{column-gap:var(--global-kb-gap-sm, 1rem);}.kadence-column594_a02e4f-4d > .kt-inside-inner-col{flex-direction:column;}.kadence-column594_a02e4f-4d > .kt-inside-inner-col > .aligncenter{width:100%;}.kadence-column594_a02e4f-4d > .kt-inside-inner-col:before{opacity:0.3;}.kadence-column594_a02e4f-4d{position:relative;}@media all and (max-width: 1024px){.kadence-column594_a02e4f-4d > .kt-inside-inner-col{flex-direction:column;justify-content:center;}}@media all and (max-width: 767px){.kadence-column594_a02e4f-4d > .kt-inside-inner-col{flex-direction:column;justify-content:center;}}<\/style>\n<div class=\"wp-block-kadence-column kadence-column594_a02e4f-4d kvs-sm-false\"><div class=\"kt-inside-inner-col\">\n<figure class=\"wp-block-pullquote alignfull has-medium-font-size\"><blockquote><p><em>Agradezco mucho hacer negocios con los chicos de Wildwood Rustics. Est\u00e1n muy al tanto de todo y tienen un excelente servicio al cliente. \u00a1Gracias, Elvin!  <\/em><\/p><cite>Lavon Leinbach (cliente)<\/cite><\/blockquote><\/figure>\n<\/div><\/div>\n<style>.kadence-column594_f4c549-17 > .kt-inside-inner-col,.kadence-column594_f4c549-17 > .kt-inside-inner-col:before{border-top-left-radius:0px;border-top-right-radius:0px;border-bottom-right-radius:0px;border-bottom-left-radius:0px;}.kadence-column594_f4c549-17 > .kt-inside-inner-col{column-gap:var(--global-kb-gap-sm, 1rem);}.kadence-column594_f4c549-17 > .kt-inside-inner-col{flex-direction:column;}.kadence-column594_f4c549-17 > .kt-inside-inner-col > .aligncenter{width:100%;}.kadence-column594_f4c549-17 > .kt-inside-inner-col:before{opacity:0.3;}.kadence-column594_f4c549-17{position:relative;}@media all and (max-width: 1024px){.kadence-column594_f4c549-17 > .kt-inside-inner-col{flex-direction:column;justify-content:center;}}@media all and (max-width: 767px){.kadence-column594_f4c549-17 > .kt-inside-inner-col{flex-direction:column;justify-content:center;}}<\/style>\n<div class=\"wp-block-kadence-column kadence-column594_f4c549-17 kvs-lg-false kvs-md-false\"><div class=\"kt-inside-inner-col\">\n<figure class=\"wp-block-pullquote alignfull has-small-font-size\"><blockquote><p><em>Agradezco mucho hacer negocios con los chicos de Wildwood Rustics. Est\u00e1n muy al tanto de todo y tienen un excelente servicio al cliente. \u00a1Gracias, Elvin!  <\/em><\/p><cite>Lavon Leinbach (cliente)<\/cite><\/blockquote><\/figure>\n<\/div><\/div>\n<div class=\"ywdpd-cart-notices-wrapper\">\n<\/div>\n<div data-block-name=\"woocommerce\/cart\" class=\"wp-block-woocommerce-cart alignwide is-loading\">\n<div data-block-name=\"woocommerce\/filled-cart-block\" class=\"wp-block-woocommerce-filled-cart-block\">\n<div data-block-name=\"woocommerce\/cart-items-block\" class=\"wp-block-woocommerce-cart-items-block\">\n<div data-block-name=\"woocommerce\/cart-line-items-block\" class=\"wp-block-woocommerce-cart-line-items-block\"><\/div>\n\n\n\n<div data-block-name=\"woocommerce\/cart-cross-sells-block\" class=\"wp-block-woocommerce-cart-cross-sells-block\">\n<h2 class=\"wp-block-heading has-large-font-size\">Puede que te interese\u2026<\/h2>\n\n\n\n<div data-block-name=\"woocommerce\/cart-cross-sells-products-block\" class=\"wp-block-woocommerce-cart-cross-sells-products-block\"><\/div>\n<\/div>\n<\/div>\n\n\n\n<div data-block-name=\"woocommerce\/cart-totals-block\" class=\"wp-block-woocommerce-cart-totals-block\">\n<div data-block-name=\"woocommerce\/cart-order-summary-block\" class=\"wp-block-woocommerce-cart-order-summary-block\">\n<div data-block-name=\"woocommerce\/cart-order-summary-heading-block\" class=\"wp-block-woocommerce-cart-order-summary-heading-block\"><\/div>\n\n\n\n<div data-block-name=\"woocommerce\/cart-order-summary-coupon-form-block\" class=\"wp-block-woocommerce-cart-order-summary-coupon-form-block\"><\/div>\n\n\n\n<div data-block-name=\"woocommerce\/cart-order-summary-totals-block\" class=\"wp-block-woocommerce-cart-order-summary-totals-block\">\n<div data-block-name=\"woocommerce\/cart-order-summary-subtotal-block\" class=\"wp-block-woocommerce-cart-order-summary-subtotal-block\"><\/div>\n\n\n\n<div data-block-name=\"woocommerce\/cart-order-summary-fee-block\" class=\"wp-block-woocommerce-cart-order-summary-fee-block\"><\/div>\n\n\n\n<div data-block-name=\"woocommerce\/cart-order-summary-discount-block\" class=\"wp-block-woocommerce-cart-order-summary-discount-block\"><\/div>\n\n\n\n<div data-block-name=\"woocommerce\/cart-order-summary-shipping-block\" class=\"wp-block-woocommerce-cart-order-summary-shipping-block\"><\/div>\n\n\n\n<div data-block-name=\"woocommerce\/cart-order-summary-taxes-block\" class=\"wp-block-woocommerce-cart-order-summary-taxes-block\"><\/div>\n<\/div>\n<\/div>\n\n\n<div data-lock=\"{&quot;remove&quot;:true}\" data-ppcp-id=\"ppcp-05bf3df9-2355-401f-95a3-cbcad93122b6\" data-block-name=\"woocommerce-paypal-payments\/cart-paylater-messages\" data-pp-placement=\"cart\" data-pp-style-layout=\"text\" data-pp-style-logo-position=\"left\" data-pp-style-logo-type=\"inline\" data-pp-style-text-color=\"black\" data-pp-style-text-size=\"12\" id=\"ppcp-05bf3df9-2355-401f-95a3-cbcad93122b6\" class=\"ppcp-messages\" data-partner-attribution-id=\"Woo_PPCP\"><\/div>\n\n\n<div data-block-name=\"woocommerce\/cart-express-payment-block\" class=\"wp-block-woocommerce-cart-express-payment-block\"><\/div>\n\n\n\n<div data-block-name=\"woocommerce\/proceed-to-checkout-block\" class=\"wp-block-woocommerce-proceed-to-checkout-block\"><\/div>\n<div id=\"ppcp-recaptcha-v2-container\" style=\"margin:20px 0;\"><\/div>\n\n\n<div data-block-name=\"woocommerce\/cart-accepted-payment-methods-block\" class=\"wp-block-woocommerce-cart-accepted-payment-methods-block\"><\/div>\n<\/div>\n<\/div>\n\n\n\n<div data-block-name=\"woocommerce\/empty-cart-block\" class=\"wp-block-woocommerce-empty-cart-block\">\n<h2 class=\"wp-block-heading has-text-align-center with-empty-cart-icon wc-block-cart__empty-cart__title\">\u00a1Tu carrito est\u00e1 actualmente vac\u00edo!<\/h2>\n\n\n\n<hr class=\"wp-block-separator has-alpha-channel-opacity is-style-dots\"\/>\n\n\n\n<h2 class=\"wp-block-heading has-text-align-center\">Novedades en la tienda<\/h2>\n\n\n<div data-block-name=\"woocommerce\/product-new\" data-columns=\"4\" data-rows=\"1\" class=\"wc-block-grid wp-block-product-new wp-block-woocommerce-product-new wc-block-product-new has-4-columns\"><ul class=\"wc-block-grid__products\"><li class=\"wc-block-grid__product\"><span class=\"gtm4wp_productdata\" style=\"display:none; visibility:hidden;\" data-gtm4wp_product_data=\"{&quot;internal_id&quot;:58382,&quot;item_id&quot;:58382,&quot;item_name&quot;:&quot;Arc\\u00f3n de los recuerdos de \\u00e1lamo tembl\\u00f3n con revestimiento de cedro&quot;,&quot;sku&quot;:&quot;02-063AS&quot;,&quot;price&quot;:1100,&quot;stocklevel&quot;:null,&quot;stockstatus&quot;:&quot;instock&quot;,&quot;google_business_vertical&quot;:&quot;retail&quot;,&quot;item_category&quot;:&quot;Varios&quot;,&quot;id&quot;:58382,&quot;productlink&quot;:&quot;https:\\\/\\\/wildwoodrustics.com\\\/es\\\/product\\\/arcon-de-los-recuerdos-de-alamo-temblon-con-revestimiento-de-cedro\\\/&quot;,&quot;item_list_name&quot;:&quot;Lista general de productos&quot;,&quot;index&quot;:0,&quot;product_type&quot;:&quot;variable&quot;,&quot;item_brand&quot;:&quot;&quot;}\"><\/span>\n\t\t\t\t<a href=\"https:\/\/wildwoodrustics.com\/es\/product\/arcon-de-los-recuerdos-de-alamo-temblon-con-revestimiento-de-cedro\/\" class=\"wc-block-grid__product-link\">\n\t\t\t\t\t\n\t\t\t\t\t<div class=\"wc-block-grid__product-image\"><img decoding=\"async\" width=\"300\" height=\"300\" src=\"https:\/\/wildwoodrustics.com\/wp-content\/uploads\/02-063AS-Hope-Chest-2-1-300x300.png\" class=\"attachment-woocommerce_thumbnail size-woocommerce_thumbnail\" alt=\"Arc\u00f3n de los recuerdos de \u00e1lamo tembl\u00f3n con revestimiento de cedro\" srcset=\"https:\/\/wildwoodrustics.com\/wp-content\/uploads\/02-063AS-Hope-Chest-2-1-300x300.png 300w, https:\/\/wildwoodrustics.com\/wp-content\/uploads\/02-063AS-Hope-Chest-2-1-150x150.png 150w, https:\/\/wildwoodrustics.com\/wp-content\/uploads\/02-063AS-Hope-Chest-2-1-75x75.png 75w\" sizes=\"(max-width: 300px) 100vw, 300px\" title=\"\"><\/div>\n\t\t\t\t\t<div class=\"wc-block-grid__product-title\">Arc\u00f3n de los recuerdos de \u00e1lamo tembl\u00f3n con revestimiento de cedro<\/div>\n\t\t\t\t<\/a>\n\t\t\t\t<div class=\"wc-block-grid__product-price price\"><span class=\"woocommerce-Price-amount amount\" aria-hidden=\"true\"><span class=\"woocommerce-Price-currencySymbol\">&#036;<\/span>1,100.00<\/span> <span aria-hidden=\"true\">&#8211;<\/span> <span class=\"woocommerce-Price-amount amount\" aria-hidden=\"true\"><span class=\"woocommerce-Price-currencySymbol\">&#036;<\/span>1,175.00<\/span><span class=\"screen-reader-text\">Rango de precios: desde &#036;1,100.00 hasta &#036;1,175.00<\/span><\/div>\n\t\t\t\t\n\t\t\t\t<div class=\"wp-block-button wc-block-grid__product-add-to-cart\"><a href=\"https:\/\/wildwoodrustics.com\/es\/product\/arcon-de-los-recuerdos-de-alamo-temblon-con-revestimiento-de-cedro\/\" aria-label=\"Elige las opciones para &ldquo;Arc\u00f3n de los recuerdos de \u00e1lamo tembl\u00f3n con revestimiento de cedro&rdquo;\" data-quantity=\"1\" data-product_id=\"58382\" data-product_sku=\"02-063AS\" data-price=\"1100\" rel=\"nofollow\" class=\"wp-block-button__link  add_to_cart_button\">Seleccionar opciones<\/a><\/div>\n\t\t\t<\/li><li class=\"wc-block-grid__product\"><span class=\"gtm4wp_productdata\" style=\"display:none; visibility:hidden;\" data-gtm4wp_product_data=\"{&quot;internal_id&quot;:58391,&quot;item_id&quot;:58391,&quot;item_name&quot;:&quot;Cama de ramitas de \\u00e1lamo tembl\\u00f3n&quot;,&quot;sku&quot;:&quot;02-064AS&quot;,&quot;price&quot;:1700,&quot;stocklevel&quot;:null,&quot;stockstatus&quot;:&quot;instock&quot;,&quot;google_business_vertical&quot;:&quot;retail&quot;,&quot;item_category&quot;:&quot;Bedroom Furniture&quot;,&quot;id&quot;:58391,&quot;productlink&quot;:&quot;https:\\\/\\\/wildwoodrustics.com\\\/es\\\/product\\\/cama-de-ramitas-de-alamo-temblon\\\/&quot;,&quot;item_list_name&quot;:&quot;Lista general de productos&quot;,&quot;index&quot;:0,&quot;product_type&quot;:&quot;variable&quot;,&quot;item_brand&quot;:&quot;&quot;}\"><\/span>\n\t\t\t\t<a href=\"https:\/\/wildwoodrustics.com\/es\/product\/cama-de-ramitas-de-alamo-temblon\/\" class=\"wc-block-grid__product-link\">\n\t\t\t\t\t\n\t\t\t\t\t<div class=\"wc-block-grid__product-image\"><img decoding=\"async\" width=\"300\" height=\"300\" src=\"https:\/\/wildwoodrustics.com\/wp-content\/uploads\/02-064AS-Mountian-Gnarl-Twig-Bed-3-300x300.png\" class=\"attachment-woocommerce_thumbnail size-woocommerce_thumbnail\" alt=\"Cama de ramitas de \u00e1lamo tembl\u00f3n\" srcset=\"https:\/\/wildwoodrustics.com\/wp-content\/uploads\/02-064AS-Mountian-Gnarl-Twig-Bed-3-300x300.png 300w, https:\/\/wildwoodrustics.com\/wp-content\/uploads\/02-064AS-Mountian-Gnarl-Twig-Bed-3-150x150.png 150w, https:\/\/wildwoodrustics.com\/wp-content\/uploads\/02-064AS-Mountian-Gnarl-Twig-Bed-3-75x75.png 75w\" sizes=\"(max-width: 300px) 100vw, 300px\" title=\"\"><\/div>\n\t\t\t\t\t<div class=\"wc-block-grid__product-title\">Cama de ramitas de \u00e1lamo tembl\u00f3n<\/div>\n\t\t\t\t<\/a>\n\t\t\t\t<div class=\"wc-block-grid__product-price price\"><span class=\"woocommerce-Price-amount amount\" aria-hidden=\"true\"><span class=\"woocommerce-Price-currencySymbol\">&#036;<\/span>1,700.00<\/span> <span aria-hidden=\"true\">&#8211;<\/span> <span class=\"woocommerce-Price-amount amount\" aria-hidden=\"true\"><span class=\"woocommerce-Price-currencySymbol\">&#036;<\/span>1,980.00<\/span><span class=\"screen-reader-text\">Rango de precios: desde &#036;1,700.00 hasta &#036;1,980.00<\/span><\/div>\n\t\t\t\t\n\t\t\t\t<div class=\"wp-block-button wc-block-grid__product-add-to-cart\"><a href=\"https:\/\/wildwoodrustics.com\/es\/product\/cama-de-ramitas-de-alamo-temblon\/\" aria-label=\"Elige las opciones para &ldquo;Cama de ramitas de \u00e1lamo tembl\u00f3n&rdquo;\" data-quantity=\"1\" data-product_id=\"58391\" data-product_sku=\"02-064AS\" data-price=\"1700\" rel=\"nofollow\" class=\"wp-block-button__link  add_to_cart_button\">Seleccionar opciones<\/a><\/div>\n\t\t\t<\/li><li class=\"wc-block-grid__product\"><span class=\"gtm4wp_productdata\" style=\"display:none; visibility:hidden;\" data-gtm4wp_product_data=\"{&quot;internal_id&quot;:58399,&quot;item_id&quot;:58399,&quot;item_name&quot;:&quot;Puf tapizado de cedro rojo&quot;,&quot;sku&quot;:&quot;03-022RC&quot;,&quot;price&quot;:350,&quot;stocklevel&quot;:null,&quot;stockstatus&quot;:&quot;instock&quot;,&quot;google_business_vertical&quot;:&quot;retail&quot;,&quot;item_category&quot;:&quot;Living Room Furniture&quot;,&quot;id&quot;:58399,&quot;productlink&quot;:&quot;https:\\\/\\\/wildwoodrustics.com\\\/es\\\/product\\\/puf-tapizado-de-cedro-rojo\\\/&quot;,&quot;item_list_name&quot;:&quot;Lista general de productos&quot;,&quot;index&quot;:0,&quot;product_type&quot;:&quot;variable&quot;,&quot;item_brand&quot;:&quot;&quot;}\"><\/span>\n\t\t\t\t<a href=\"https:\/\/wildwoodrustics.com\/es\/product\/puf-tapizado-de-cedro-rojo\/\" class=\"wc-block-grid__product-link\">\n\t\t\t\t\t\n\t\t\t\t\t<div class=\"wc-block-grid__product-image\"><img decoding=\"async\" width=\"300\" height=\"300\" src=\"https:\/\/wildwoodrustics.com\/wp-content\/uploads\/03-022RC-Upholstered-Ottoman-2-300x300.png\" class=\"attachment-woocommerce_thumbnail size-woocommerce_thumbnail\" alt=\"Puf tapizado de cedro rojo\" srcset=\"https:\/\/wildwoodrustics.com\/wp-content\/uploads\/03-022RC-Upholstered-Ottoman-2-300x300.png 300w, https:\/\/wildwoodrustics.com\/wp-content\/uploads\/03-022RC-Upholstered-Ottoman-2-150x150.png 150w, https:\/\/wildwoodrustics.com\/wp-content\/uploads\/03-022RC-Upholstered-Ottoman-2-75x75.png 75w\" sizes=\"(max-width: 300px) 100vw, 300px\" title=\"\"><\/div>\n\t\t\t\t\t<div class=\"wc-block-grid__product-title\">Puf tapizado de cedro rojo<\/div>\n\t\t\t\t<\/a>\n\t\t\t\t<div class=\"wc-block-grid__product-price price\"><span class=\"woocommerce-Price-amount amount\"><span class=\"woocommerce-Price-currencySymbol\">&#036;<\/span>350.00<\/span><\/div>\n\t\t\t\t\n\t\t\t\t<div class=\"wp-block-button wc-block-grid__product-add-to-cart\"><a href=\"https:\/\/wildwoodrustics.com\/es\/product\/puf-tapizado-de-cedro-rojo\/\" aria-label=\"Elige las opciones para &ldquo;Puf tapizado de cedro rojo&rdquo;\" data-quantity=\"1\" data-product_id=\"58399\" data-product_sku=\"03-022RC\" data-price=\"350\" rel=\"nofollow\" class=\"wp-block-button__link  add_to_cart_button\">Seleccionar opciones<\/a><\/div>\n\t\t\t<\/li><li class=\"wc-block-grid__product\"><span class=\"gtm4wp_productdata\" style=\"display:none; visibility:hidden;\" data-gtm4wp_product_data=\"{&quot;internal_id&quot;:58426,&quot;item_id&quot;:58426,&quot;item_name&quot;:&quot;Cama r\\u00fastica de tronco de \\u00e1lamo tembl\\u00f3n&quot;,&quot;sku&quot;:58426,&quot;price&quot;:490,&quot;stocklevel&quot;:null,&quot;stockstatus&quot;:&quot;instock&quot;,&quot;google_business_vertical&quot;:&quot;retail&quot;,&quot;item_category&quot;:&quot;Bedroom Furniture&quot;,&quot;id&quot;:58426,&quot;productlink&quot;:&quot;https:\\\/\\\/wildwoodrustics.com\\\/es\\\/product\\\/cama-rustica-de-tronco-de-alamo-temblon\\\/&quot;,&quot;item_list_name&quot;:&quot;Lista general de productos&quot;,&quot;index&quot;:0,&quot;product_type&quot;:&quot;variable&quot;,&quot;item_brand&quot;:&quot;&quot;}\"><\/span>\n\t\t\t\t<a href=\"https:\/\/wildwoodrustics.com\/es\/product\/cama-rustica-de-tronco-de-alamo-temblon\/\" class=\"wc-block-grid__product-link\">\n\t\t\t\t\t\n\t\t\t\t\t<div class=\"wc-block-grid__product-image\"><img decoding=\"async\" width=\"300\" height=\"300\" src=\"https:\/\/wildwoodrustics.com\/wp-content\/uploads\/MC-001AS-7-300x300.png\" class=\"attachment-woocommerce_thumbnail size-woocommerce_thumbnail\" alt=\"Cama r\u00fastica de tronco de \u00e1lamo tembl\u00f3n\" srcset=\"https:\/\/wildwoodrustics.com\/wp-content\/uploads\/MC-001AS-7-300x300.png 300w, https:\/\/wildwoodrustics.com\/wp-content\/uploads\/MC-001AS-7-150x150.png 150w, https:\/\/wildwoodrustics.com\/wp-content\/uploads\/MC-001AS-7-75x75.png 75w\" sizes=\"(max-width: 300px) 100vw, 300px\" title=\"\"><\/div>\n\t\t\t\t\t<div class=\"wc-block-grid__product-title\">Cama r\u00fastica de tronco de \u00e1lamo tembl\u00f3n<\/div>\n\t\t\t\t<\/a>\n\t\t\t\t<div class=\"wc-block-grid__product-price price\"><span class=\"woocommerce-Price-amount amount\" aria-hidden=\"true\"><span class=\"woocommerce-Price-currencySymbol\">&#036;<\/span>490.00<\/span> <span aria-hidden=\"true\">&#8211;<\/span> <span class=\"woocommerce-Price-amount amount\" aria-hidden=\"true\"><span class=\"woocommerce-Price-currencySymbol\">&#036;<\/span>670.00<\/span><span class=\"screen-reader-text\">Rango de precios: desde &#036;490.00 hasta &#036;670.00<\/span><\/div>\n\t\t\t\t\n\t\t\t\t<div class=\"wp-block-button wc-block-grid__product-add-to-cart\"><a href=\"https:\/\/wildwoodrustics.com\/es\/product\/cama-rustica-de-tronco-de-alamo-temblon\/\" aria-label=\"Elige las opciones para &ldquo;Cama r\u00fastica de tronco de \u00e1lamo tembl\u00f3n&rdquo;\" data-quantity=\"1\" data-product_id=\"58426\" data-product_sku=\"\" data-price=\"490\" rel=\"nofollow\" class=\"wp-block-button__link  add_to_cart_button\">Seleccionar opciones<\/a><\/div>\n\t\t\t<\/li><\/ul><\/div><\/div>\n<\/div>\n\n<p class=\"has-text-align-left has-palette-color-2-color has-text-color has-link-color wp-elements-a0bf2262cd6956db84cc5152bd4c867d\" style=\"padding-top:0px;padding-bottom:0px\"><strong><em>\u00a1El plazo de entrega actual es de solo 4-6 semanas!<\/em><\/strong><\/p>\n\n<div class=\"wp-block-group has-small-font-size is-layout-constrained wp-block-group-is-layout-constrained\"><style>.wp-block-kadence-iconlist.kt-svg-icon-list-items594_c6cdfc-37:not(.this-stops-third-party-issues){margin-top:0px;margin-bottom:0px;}.wp-block-kadence-iconlist.kt-svg-icon-list-items594_c6cdfc-37 ul.kt-svg-icon-list:not(.this-prevents-issues):not(.this-stops-third-party-issues):not(.tijsloc){margin-top:0px;margin-right:0px;margin-bottom:var(--global-kb-spacing-sm, 1.5rem);margin-left:0px;}.wp-block-kadence-iconlist.kt-svg-icon-list-items594_c6cdfc-37 ul.kt-svg-icon-list{grid-row-gap:5px;}.wp-block-kadence-iconlist.kt-svg-icon-list-items594_c6cdfc-37 ul.kt-svg-icon-list .kt-svg-icon-list-item-wrap .kt-svg-icon-list-single{margin-right:10px;}.kt-svg-icon-list-items594_c6cdfc-37 ul.kt-svg-icon-list .kt-svg-icon-list-level-0 .kt-svg-icon-list-single svg{font-size:20px;}<\/style>\n<div class=\"wp-block-kadence-iconlist kt-svg-icon-list-items kt-svg-icon-list-items594_c6cdfc-37 kt-svg-icon-list-columns-1 alignnone\"><ul class=\"kt-svg-icon-list\"><style>.kt-svg-icon-list-item-594_bb2b20-61 .kt-svg-icon-list-text mark.kt-highlight{background-color:unset;font-style:normal;color:#f76a0c;-webkit-box-decoration-break:clone;box-decoration-break:clone;padding-top:0px;padding-right:0px;padding-bottom:0px;padding-left:0px;}<\/style>\n<li class=\"wp-block-kadence-listitem kt-svg-icon-list-item-wrap kt-svg-icon-list-item-594_bb2b20-61\"><span class=\"kb-svg-icon-wrap kb-svg-icon-fe_checkCircle kt-svg-icon-list-single\"><svg viewBox=\"0 0 24 24\"  fill=\"none\" stroke=\"currentColor\" stroke-width=\"2\" stroke-linecap=\"round\" stroke-linejoin=\"round\" xmlns=\"http:\/\/www.w3.org\/2000\/svg\"  aria-hidden=\"true\"><path d=\"M22 11.08V12a10 10 0 1 1-5.93-9.14\"\/><polyline points=\"22 4 12 14.01 9 11.01\"\/><\/svg><\/span><span class=\"kt-svg-icon-list-text\"><strong><a href=\"https:\/\/wildwoodrustics.com\/policies-and-warranties\/\">Ver pol\u00edticas y garant\u00edas*<\/a><\/strong><\/span><\/li>\n\n\n<style>.kt-svg-icon-list-item-594_f804ba-0f .kt-svg-icon-list-text mark.kt-highlight{background-color:unset;font-style:normal;color:#f76a0c;-webkit-box-decoration-break:clone;box-decoration-break:clone;padding-top:0px;padding-right:0px;padding-bottom:0px;padding-left:0px;}<\/style>\n<li class=\"wp-block-kadence-listitem kt-svg-icon-list-item-wrap kt-svg-icon-list-item-594_f804ba-0f\"><span class=\"kb-svg-icon-wrap kb-svg-icon-fe_checkCircle kt-svg-icon-list-single\"><svg viewBox=\"0 0 24 24\"  fill=\"none\" stroke=\"currentColor\" stroke-width=\"2\" stroke-linecap=\"round\" stroke-linejoin=\"round\" xmlns=\"http:\/\/www.w3.org\/2000\/svg\"  aria-hidden=\"true\"><path d=\"M22 11.08V12a10 10 0 1 1-5.93-9.14\"\/><polyline points=\"22 4 12 14.01 9 11.01\"\/><\/svg><\/span><span class=\"kt-svg-icon-list-text\"><strong>Disfruta de env\u00edo GRATIS<\/strong><\/span><\/li>\n\n\n<style>.kt-svg-icon-list-item-594_cadfbd-f9 .kt-svg-icon-list-text mark.kt-highlight{background-color:unset;font-style:normal;color:#f76a0c;-webkit-box-decoration-break:clone;box-decoration-break:clone;padding-top:0px;padding-right:0px;padding-bottom:0px;padding-left:0px;}<\/style>\n<li class=\"wp-block-kadence-listitem kt-svg-icon-list-item-wrap kt-svg-icon-list-item-594_cadfbd-f9\"><span class=\"kb-svg-icon-wrap kb-svg-icon-fe_checkCircle kt-svg-icon-list-single\"><svg viewBox=\"0 0 24 24\"  fill=\"none\" stroke=\"currentColor\" stroke-width=\"2\" stroke-linecap=\"round\" stroke-linejoin=\"round\" xmlns=\"http:\/\/www.w3.org\/2000\/svg\"  aria-hidden=\"true\"><path d=\"M22 11.08V12a10 10 0 1 1-5.93-9.14\"\/><polyline points=\"22 4 12 14.01 9 11.01\"\/><\/svg><\/span><span class=\"kt-svg-icon-list-text\"><strong>\ud83c\uddfa\ud83c\uddf8 Hecho en EE. UU.<\/strong><\/span><\/li>\n<\/ul><\/div>\n<\/div>\n","protected":false},"excerpt":{"rendered":"<p>Agradezco mucho hacer negocios con los chicos de Wildwood Rustics. Est\u00e1n muy al tanto de todo y tienen un excelente servicio al cliente. \u00a1Gracias, Elvin! Lavon Leinbach (cliente) Agradezco mucho hacer negocios con los chicos de Wildwood Rustics. Est\u00e1n muy al tanto de todo y tienen un excelente servicio al cliente. \u00a1Gracias, Elvin! Lavon Leinbach [&hellip;]<\/p>\n","protected":false},"author":1,"featured_media":73782,"parent":0,"menu_order":0,"comment_status":"closed","ping_status":"closed","template":"","meta":{"_acf_changed":false,"_kad_blocks_custom_css":"","_kad_blocks_head_custom_js":"","_kad_blocks_body_custom_js":"","_kad_blocks_footer_custom_js":"","footnotes":""},"collection":[],"class_list":["post-49513","page","type-page","status-publish","has-post-thumbnail","hentry"],"blocksy_meta":[],"acf":[],"taxonomy_info":[],"featured_image_src_large":["https:\/\/wildwoodrustics.com\/wp-content\/uploads\/WildwoodRustics-Red-Cedar-Rustic-Dining-Set-1400x933.jpg",1390,926,true],"author_info":{"display_name":"Eric Wenger","author_link":"https:\/\/wildwoodrustics.com\/es\/author\/eric-wenger\/"},"comment_info":0,"_links":{"self":[{"href":"https:\/\/wildwoodrustics.com\/es\/wp-json\/wp\/v2\/pages\/49513","targetHints":{"allow":["GET"]}}],"collection":[{"href":"https:\/\/wildwoodrustics.com\/es\/wp-json\/wp\/v2\/pages"}],"about":[{"href":"https:\/\/wildwoodrustics.com\/es\/wp-json\/wp\/v2\/types\/page"}],"author":[{"embeddable":true,"href":"https:\/\/wildwoodrustics.com\/es\/wp-json\/wp\/v2\/users\/1"}],"replies":[{"embeddable":true,"href":"https:\/\/wildwoodrustics.com\/es\/wp-json\/wp\/v2\/comments?post=49513"}],"version-history":[{"count":4,"href":"https:\/\/wildwoodrustics.com\/es\/wp-json\/wp\/v2\/pages\/49513\/revisions"}],"predecessor-version":[{"id":49622,"href":"https:\/\/wildwoodrustics.com\/es\/wp-json\/wp\/v2\/pages\/49513\/revisions\/49622"}],"wp:featuredmedia":[{"embeddable":true,"href":"https:\/\/wildwoodrustics.com\/es\/wp-json\/wp\/v2\/media\/73782"}],"wp:attachment":[{"href":"https:\/\/wildwoodrustics.com\/es\/wp-json\/wp\/v2\/media?parent=49513"}],"wp:term":[{"taxonomy":"collection","embeddable":true,"href":"https:\/\/wildwoodrustics.com\/es\/wp-json\/wp\/v2\/collection?post=49513"}],"curies":[{"name":"wp","href":"https:\/\/api.w.org\/{rel}","templated":true}]}}